{"id":7,"date":"2015-06-08T16:03:45","date_gmt":"2015-06-08T14:03:45","guid":{"rendered":"http:\/\/parispropertysale.com\/fr\/?page_id=7"},"modified":"2024-09-13T13:01:47","modified_gmt":"2024-09-13T11:01:47","slug":"vous-voulez-acheter-un-appartement-a-paris","status":"publish","type":"page","link":"https:\/\/parispropertysale.com\/fr\/","title":{"rendered":"Vous voulez acheter un appartement \u00e0 Paris?"},"content":{"rendered":"<div class=\"b-about\">\n<h1 class=\"b-about__title\">Voulez-vous acheter un appartement \u00e0 Paris?<\/h1>\n<p class=\"b-about__tagline\">Je\u00a0vous accompagne dans toutes les phases de l\u2019achat du bien de vos r\u00eaves dans la ville lumi\u00e8res, Paris.<\/p>\n<div class=\"b-about__typo\">\n<p>Pourquoi devriez-vous travailler avec moi?<\/p>\n<ul>\n<li>Vous guider dans la s\u00e9lection de vos crit\u00e8res de recherches (parfaite connaissance des lieux, quartiers, \u00e9coles, centres d\u2019affaires\u2026);<\/li>\n<li>s\u00e9lectionner les meilleures offres, vous les pr\u00e9senter (une importante offre de biens en direct, des partenariats avec les plus importants acteurs de l\u2019immobilier de luxe \u00e0 Paris);<\/li>\n<li>vous aider \u00e0 projeter le bien de vos r\u00eaves (partenariats avec des cabinets d\u2019architectes\/entrepreneurs sp\u00e9cialis\u00e9s);<\/li>\n<li>rechercher les financements n\u00e9cessaires (partenaire des dix plus grandes banques de la place de Paris);<\/li>\n<li>accomplir toutes les formalit\u00e9s des grandes \u00e9tapes de votre projet d\u2019acquisition;<\/li>\n<li>vous aider \u00e0 organiser la gestion locative de votre bien ou tout simplement\u2026vous laisser profiter de votre vue sur la Tour Eiffel\u2026<\/li>\n<li>je travaille avec les meilleures agences de Paris:\n<ul class=\"b-about-logo\">\n<li class=\"b-about-logo__item b-about-logo__item--barnes\"><img class=\"b-about-logo__img\" src=\"\/wp-content\/uploads\/2015\/06\/barnes.png\" alt=\"Barnes\" \/><\/li>\n<li class=\"b-about-logo__item b-about-logo__item--c21\"><img class=\"b-about-logo__img\" src=\"\/wp-content\/uploads\/2015\/06\/century-21.png\" alt=\"Century 21\" \/><\/li>\n<li class=\"b-about-logo__item b-about-logo__item--mf\"><img class=\"b-about-logo__img\" src=\"\/wp-content\/uploads\/2015\/06\/marc-foujols.png\" alt=\"Marc Foujols\" \/><\/li>\n<li class=\"b-about-logo__item b-about-logo__item--ga\"><img class=\"b-about-logo__img\" src=\"\/wp-content\/uploads\/2015\/06\/glamour-apartments.png\" alt=\"Glamour Apartments\" \/><\/li>\n<\/ul>\n<\/li>\n<\/ul>\n<\/div>\n<\/div>\n<div id=\"contact\" class=\"b-contact\">\n<h2 class=\"b-contact__title\">Consultation gratuite<\/h2>\n<p class=\"b-contact__tagline\">Appelez +33 6 65 76 49 15 ou laissez vos coordonn\u00e9es et je vous contacterai bient\u00f4t.<\/p>\n\n                <div class='gf_browser_gecko gform_wrapper' id='gform_wrapper_1' ><a id='gf_1' name='gf_1' class='gform_anchor' ><\/a><form method='post' enctype='multipart\/form-data' target='gform_ajax_frame_1' id='gform_1'  action='\/fr\/wp-json\/wp\/v2\/pages\/7#gf_1'>\n                        <div class='gform_body'><ul id='gform_fields_1' class='gform_fields top_label form_sublabel_below description_below'><li id='field_1_1' class='gfield tg_control tg_control--name gfield_contains_required field_sublabel_below field_description_below' ><label class='gfield_label' for='input_1_1' >Votre nom<span class='gfield_required'>*<\/span><\/label><div class='ginput_container'><input name='input_1' id='input_1_1' type='text' value='' class='medium'  tabindex='1'  placeholder='Votre nom *' \/><\/div><\/li><li id='field_1_2' class='gfield tg_control tg_control--email gfield_contains_required field_sublabel_below field_description_below' ><label class='gfield_label' for='input_1_2' >Email<span class='gfield_required'>*<\/span><\/label><div class='ginput_container'>\n                            <input name='input_2' id='input_1_2' type='text' value='' class='medium' tabindex='2'   placeholder='Email *'\/>\n                        <\/div><\/li><li id='field_1_3' class='gfield tg_control tg_control--phone field_sublabel_below field_description_below' ><label class='gfield_label' for='input_1_3' >T\u00e9l\u00e9phone<\/label><div class='ginput_container'><input name='input_3' id='input_1_3' type='text' value='' class='medium'  tabindex='3'  placeholder='T\u00e9l\u00e9phone' \/><\/div><\/li><li id='field_1_4' class='gfield tg_control tg_control--message gfield_contains_required field_sublabel_below field_description_below' ><label class='gfield_label' for='input_1_4' >Dites-moi ce que vous \u00eates int\u00e9ress\u00e9 \u00e0<span class='gfield_required'>*<\/span><\/label><div class='ginput_container'>\n\t\t\t\t\t<textarea name='input_4' id='input_1_4' class='textarea medium' tabindex='4'  placeholder='Dites-moi ce que vous \u00eates int\u00e9ress\u00e9 \u00e0 *'  rows='10' cols='50'><\/textarea>\n\t\t\t\t<\/div><\/li>\n                            <\/ul><\/div>\n        <div class='gform_footer top_label'> <input type='submit' id='gform_submit_button_1' class='gform_button button' value='Soumettre' tabindex='5' onclick='if(window[\"gf_submitting_1\"]){return false;}  window[\"gf_submitting_1\"]=true;  ' \/> <input type='hidden' name='gform_ajax' value='form_id=1&amp;title=&amp;description=&amp;tabindex=1' \/>\n            <input type='hidden' class='gform_hidden' name='is_submit_1' value='1' \/>\n            <input type='hidden' class='gform_hidden' name='gform_submit' value='1' \/>\n            \n            <input type='hidden' class='gform_hidden' name='gform_unique_id' value='' \/>\n            <input type='hidden' class='gform_hidden' name='state_1' value='WyJbXSIsImEzODg3NzJiMjE5OTZkMzgwNzk1ZWZmMzNhZTA3NmRkIl0=' \/>\n            <input type='hidden' class='gform_hidden' name='gform_target_page_number_1' id='gform_target_page_number_1' value='0' \/>\n            <input type='hidden' class='gform_hidden' name='gform_source_page_number_1' id='gform_source_page_number_1' value='1' \/>\n            <input type='hidden' name='gform_field_values' value='' \/>\n            \n        <\/div>\n                        <\/form>\n                        <\/div>\n                <iframe style='display:none;width:0px;height:0px;' src='about:blank' name='gform_ajax_frame_1' id='gform_ajax_frame_1'><\/iframe>\n                <script type='text\/javascript'>jQuery(document).ready(function($){gformInitSpinner( 1, '\/wp-content\/plugins\/gravityforms\/images\/spinner.gif' );jQuery('#gform_ajax_frame_1').load( function(){var contents = jQuery(this).contents().find('*').html();var is_postback = contents.indexOf('GF_AJAX_POSTBACK') >= 0;if(!is_postback){return;}var form_content = jQuery(this).contents().find('#gform_wrapper_1');var is_confirmation = jQuery(this).contents().find('#gform_confirmation_wrapper_1').length > 0;var is_redirect = contents.indexOf('gformRedirect(){') >= 0;var is_form = form_content.length > 0 && ! is_redirect && ! is_confirmation;if(is_form){jQuery('#gform_wrapper_1').html(form_content.html());setTimeout( function() { \/* delay the scroll by 50 milliseconds to fix a bug in chrome *\/ jQuery(document).scrollTop(jQuery('#gform_wrapper_1').offset().top); }, 50 );if(window['gformInitDatepicker']) {gformInitDatepicker();}if(window['gformInitPriceFields']) {gformInitPriceFields();}var current_page = jQuery('#gform_source_page_number_1').val();gformInitSpinner( 1, '\/wp-content\/plugins\/gravityforms\/images\/spinner.gif' );jQuery(document).trigger('gform_page_loaded', [1, current_page]);window['gf_submitting_1'] = false;}else if(!is_redirect){var confirmation_content = jQuery(this).contents().find('#gforms_confirmation_message_1').html();if(!confirmation_content){confirmation_content = contents;}setTimeout(function(){jQuery('#gform_wrapper_1').replaceWith('<' + 'div id=\\'gforms_confirmation_message_1\\' class=\\'gform_confirmation_message_1 gforms_confirmation_message\\'' + '>' + confirmation_content + '<' + '\/div' + '>');jQuery(document).scrollTop(jQuery('#gforms_confirmation_message_1').offset().top);jQuery(document).trigger('gform_confirmation_loaded', [1]);window['gf_submitting_1'] = false;}, 50);}else{jQuery('#gform_1').append(contents);if(window['gformRedirect']) {gformRedirect();}}jQuery(document).trigger('gform_post_render', [1, current_page]);} );} );<\/script><script type='text\/javascript'> if(typeof gf_global == 'undefined') var gf_global = {\"gf_currency_config\":{\"name\":\"Dollar US\",\"symbol_left\":\"$\",\"symbol_right\":\"\",\"symbol_padding\":\"\",\"thousand_separator\":\",\",\"decimal_separator\":\".\",\"decimals\":2},\"base_url\":\"\\\/wp-content\\\/plugins\\\/gravityforms\",\"number_formats\":[],\"spinnerUrl\":\"\\\/wp-content\\\/plugins\\\/gravityforms\\\/images\\\/spinner.gif\"};jQuery(document).bind('gform_post_render', function(event, formId, currentPage){if(formId == 1) {if(typeof Placeholders != 'undefined'){\n                        Placeholders.enable();\n                    }} } );jQuery(document).bind('gform_post_conditional_logic', function(event, formId, fields, isInit){} );<\/script><script type='text\/javascript'> jQuery(document).ready(function(){jQuery(document).trigger('gform_post_render', [1, 1]) } ); <\/script>\n<\/div>\n","protected":false},"excerpt":{"rendered":"<p>Voulez-vous acheter un appartement \u00e0 Paris? Je\u00a0vous accompagne dans toutes les phases de l\u2019achat du bien de vos r\u00eaves dans la ville lumi\u00e8res, Paris. Pourquoi devriez-vous travailler avec moi? Vous guider dans la s\u00e9lection de vos crit\u00e8res de recherches (parfaite connaissance des lieux, quartiers, \u00e9coles, centres d\u2019affaires\u2026); s\u00e9lectionner les meilleures offres, vous les pr\u00e9senter (une [&hellip;]<\/p>\n","protected":false},"author":1,"featured_media":0,"parent":0,"menu_order":0,"comment_status":"open","ping_status":"open","template":"","meta":{"_mi_skip_tracking":false,"_monsterinsights_sitenote_active":false,"_monsterinsights_sitenote_note":"","_monsterinsights_sitenote_category":0},"_links":{"self":[{"href":"https:\/\/parispropertysale.com\/fr\/wp-json\/wp\/v2\/pages\/7"}],"collection":[{"href":"https:\/\/parispropertysale.com\/fr\/wp-json\/wp\/v2\/pages"}],"about":[{"href":"https:\/\/parispropertysale.com\/fr\/wp-json\/wp\/v2\/types\/page"}],"author":[{"embeddable":true,"href":"https:\/\/parispropertysale.com\/fr\/wp-json\/wp\/v2\/users\/1"}],"replies":[{"embeddable":true,"href":"https:\/\/parispropertysale.com\/fr\/wp-json\/wp\/v2\/comments?post=7"}],"version-history":[{"count":4,"href":"https:\/\/parispropertysale.com\/fr\/wp-json\/wp\/v2\/pages\/7\/revisions"}],"predecessor-version":[{"id":17,"href":"https:\/\/parispropertysale.com\/fr\/wp-json\/wp\/v2\/pages\/7\/revisions\/17"}],"wp:attachment":[{"href":"https:\/\/parispropertysale.com\/fr\/wp-json\/wp\/v2\/media?parent=7"}],"curies":[{"name":"wp","href":"https:\/\/api.w.org\/{rel}","templated":true}]}}